{"id":6,"date":"2022-01-03T21:34:31","date_gmt":"2022-01-03T21:34:31","guid":{"rendered":"https:\/\/konyvaruda.hu\/?page_id=6"},"modified":"2022-01-27T07:51:40","modified_gmt":"2022-01-27T07:51:40","slug":"rolunk","status":"publish","type":"page","link":"https:\/\/konyvaruda.hu\/?page_id=6","title":{"rendered":"R\u00f3lunk"},"content":{"rendered":"\n<p>K\u00f6nyvek online  \u00e8rt\u00e8kes\u00edt\u00e8s\u00e8vel  foglalkozunk. Kiz\u00e0r\u00f2lag magyar \u00ecr\u00f2k, k\u00f6lt\u0151k m\u0171veit \u00e0r\u00f9s\u00ectjuk oldalunkon. Szeretn\u00e8nk min\u00e8l t\u00f6bb kateg\u00f2ri\u00e0ban felsorakoztatni m\u0171veket! Alap c\u0117lkit\u0171z\u00e8s\u00fcnk, hogy minden kateg\u00f3ri\u00e0ban legal\u00e0bb egy szerz\u0151 legyen! <\/p>\n\n\n\n<p>Jelentkez\u0117s\u00e8t v\u00e0rjuk mindazoknak, akik a K\u00f6nyv\u00e0rud\u00e0n (is) szeretn\u00e8k \u00e0rus\u00ectani k\u00f6nyveiket! Amennyiben nem rendelkezik saj\u00e0 weboldallal az sem probl\u00e8ma!<\/p>\n\n\n\n<p>Amennyiben kezd\u0151 \u00edr\u00f2, k\u00f6lt\u0151 \u00e8s m\u00e8g csak egy m\u0171ve van pr\u00f3b\u00e0lja meg oldalunkon (is) \u00e8rt\u00e8kes\u00ecteni m\u0171v\u00e8t!<\/p>\n\n\n\n<p>Vegye fel vel\u00fcnk a kapcsolatot   <\/p>\n\n\n\n<p class=\"has-text-align-center has-black-color has-text-color has-background has-large-font-size\" style=\"background-color:#c49576\">gatis@luna.hu<\/p>\n","protected":false},"excerpt":{"rendered":"<p>K\u00f6nyvek online \u00e8rt\u00e8kes\u00edt\u00e8s\u00e8vel foglalkozunk. Kiz\u00e0r\u00f2lag magyar \u00ecr\u00f2k, k\u00f6lt\u0151k m\u0171veit \u00e0r\u00f9s\u00ectjuk oldalunkon. Szeretn\u00e8nk min\u00e8l t\u00f6bb kateg\u00f2ri\u00e0ban felsorakoztatni m\u0171veket! Alap c\u0117lkit\u0171z\u00e8s\u00fcnk, hogy minden kateg\u00f3ri\u00e0ban legal\u00e0bb egy szerz\u0151 legyen! Jelentkez\u0117s\u00e8t v\u00e0rjuk mindazoknak, akik a K\u00f6nyv\u00e0rud\u00e0n (is) szeretn\u00e8k \u00e0rus\u00ectani k\u00f6nyveiket! Amennyiben nem rendelkezik saj\u00e0 weboldallal az sem probl\u00e8ma! Amennyiben kezd\u0151 \u00edr\u00f2, k\u00f6lt\u0151 \u00e8s m\u00e8g csak egy m\u0171ve van pr\u00f3b\u00e0lja [&hellip;]<\/p>\n","protected":false},"author":1,"featured_media":0,"parent":0,"menu_order":0,"comment_status":"closed","ping_status":"closed","template":"","meta":[],"_links":{"self":[{"href":"https:\/\/konyvaruda.hu\/index.php?rest_route=\/wp\/v2\/pages\/6"}],"collection":[{"href":"https:\/\/konyvaruda.hu\/index.php?rest_route=\/wp\/v2\/pages"}],"about":[{"href":"https:\/\/konyvaruda.hu\/index.php?rest_route=\/wp\/v2\/types\/page"}],"author":[{"embeddable":true,"href":"https:\/\/konyvaruda.hu\/index.php?rest_route=\/wp\/v2\/users\/1"}],"replies":[{"embeddable":true,"href":"https:\/\/konyvaruda.hu\/index.php?rest_route=%2Fwp%2Fv2%2Fcomments&post=6"}],"version-history":[{"count":5,"href":"https:\/\/konyvaruda.hu\/index.php?rest_route=\/wp\/v2\/pages\/6\/revisions"}],"predecessor-version":[{"id":175,"href":"https:\/\/konyvaruda.hu\/index.php?rest_route=\/wp\/v2\/pages\/6\/revisions\/175"}],"wp:attachment":[{"href":"https:\/\/konyvaruda.hu\/index.php?rest_route=%2Fwp%2Fv2%2Fmedia&parent=6"}],"curies":[{"name":"wp","href":"https:\/\/api.w.org\/{rel}","templated":true}]}}