{"id":7,"date":"2022-01-03T21:34:31","date_gmt":"2022-01-03T21:34:31","guid":{"rendered":"https:\/\/konyvaruda.hu\/?page_id=7"},"modified":"2022-01-03T21:52:13","modified_gmt":"2022-01-03T21:52:13","slug":"elerhetoseg","status":"publish","type":"page","link":"https:\/\/konyvaruda.hu\/?page_id=7","title":{"rendered":"El\u00e9rhet\u0151s\u00e9g"},"content":{"rendered":"\n<p class=\"has-text-align-center\">gatis@luna.hu<\/p>\n","protected":false},"excerpt":{"rendered":"<p>gatis@luna.hu<\/p>\n","protected":false},"author":1,"featured_media":0,"parent":0,"menu_order":0,"comment_status":"closed","ping_status":"closed","template":"","meta":[],"_links":{"self":[{"href":"https:\/\/konyvaruda.hu\/index.php?rest_route=\/wp\/v2\/pages\/7"}],"collection":[{"href":"https:\/\/konyvaruda.hu\/index.php?rest_route=\/wp\/v2\/pages"}],"about":[{"href":"https:\/\/konyvaruda.hu\/index.php?rest_route=\/wp\/v2\/types\/page"}],"author":[{"embeddable":true,"href":"https:\/\/konyvaruda.hu\/index.php?rest_route=\/wp\/v2\/users\/1"}],"replies":[{"embeddable":true,"href":"https:\/\/konyvaruda.hu\/index.php?rest_route=%2Fwp%2Fv2%2Fcomments&post=7"}],"version-history":[{"count":2,"href":"https:\/\/konyvaruda.hu\/index.php?rest_route=\/wp\/v2\/pages\/7\/revisions"}],"predecessor-version":[{"id":27,"href":"https:\/\/konyvaruda.hu\/index.php?rest_route=\/wp\/v2\/pages\/7\/revisions\/27"}],"wp:attachment":[{"href":"https:\/\/konyvaruda.hu\/index.php?rest_route=%2Fwp%2Fv2%2Fmedia&parent=7"}],"curies":[{"name":"wp","href":"https:\/\/api.w.org\/{rel}","templated":true}]}}